{"id":1856,"date":"2026-02-19T10:38:31","date_gmt":"2026-02-19T10:38:31","guid":{"rendered":"https:\/\/biowoch.lu\/?page_id=1856"},"modified":"2026-02-19T13:05:04","modified_gmt":"2026-02-19T13:05:04","slug":"partner-sponsor","status":"publish","type":"page","link":"https:\/\/biowoch.lu\/en\/partner-sponsor\/","title":{"rendered":"Partner-Sponsor"},"content":{"rendered":"<div class=\"mwd-shortcode\">\n<div class=\"wpcf7 no-js\" id=\"wpcf7-f1857-o1\" lang=\"en-US\" dir=\"ltr\">\n<div class=\"screen-reader-response\">\n<p role=\"status\" aria-live=\"polite\" aria-atomic=\"true\">\n<ul><\/ul>\n<\/div>\n<form action=\"\/wp-admin\/admin-ajax.php?action=kernel&#038;p=page#wpcf7-f1857-o1\" method=\"post\" class=\"wpcf7-form init wpcf7-acceptance-as-validation\" aria-label=\"Contact form\" novalidate=\"novalidate\" data-status=\"init\">\n<div style=\"display: none;\">\n<input type=\"hidden\" name=\"_wpcf7\" value=\"1857\" \/><br \/>\n<input type=\"hidden\" name=\"_wpcf7_version\" value=\"5.7.6\" \/><br \/>\n<input type=\"hidden\" name=\"_wpcf7_locale\" value=\"en_US\" \/><br \/>\n<input type=\"hidden\" name=\"_wpcf7_unit_tag\" value=\"wpcf7-f1857-o1\" \/><br \/>\n<input type=\"hidden\" name=\"_wpcf7_container_post\" value=\"0\" \/><br \/>\n<input type=\"hidden\" name=\"_wpcf7_posted_data_hash\" value=\"\" \/><br \/>\n<input type=\"hidden\" name=\"_wpcf7cf_hidden_group_fields\" value=\"[]\" \/><br \/>\n<input type=\"hidden\" name=\"_wpcf7cf_hidden_groups\" value=\"[]\" \/><br \/>\n<input type=\"hidden\" name=\"_wpcf7cf_visible_groups\" value=\"[]\" \/><br \/>\n<input type=\"hidden\" name=\"_wpcf7cf_repeaters\" value=\"[]\" \/><br \/>\n<input type=\"hidden\" name=\"_wpcf7cf_steps\" value=\"{}\" \/><br \/>\n<input type=\"hidden\" name=\"_wpcf7cf_options\" value=\"{&quot;form_id&quot;:1857,&quot;conditions&quot;:[{&quot;then_field&quot;:&quot;partner&quot;,&quot;and_rules&quot;:[{&quot;if_field&quot;:&quot;typ&quot;,&quot;operator&quot;:&quot;equals&quot;,&quot;if_value&quot;:&quot;Partner \\\/ partenaire&quot;}]},{&quot;then_field&quot;:&quot;sponsor&quot;,&quot;and_rules&quot;:[{&quot;if_field&quot;:&quot;typ&quot;,&quot;operator&quot;:&quot;equals&quot;,&quot;if_value&quot;:&quot;Sponsor&quot;}]}],&quot;settings&quot;:{&quot;animation&quot;:&quot;yes&quot;,&quot;animation_intime&quot;:200,&quot;animation_outtime&quot;:200,&quot;conditions_ui&quot;:&quot;normal&quot;,&quot;notice_dismissed&quot;:false,&quot;notice_dismissed_update-cf7-5.7.7&quot;:true}}\" \/>\n<\/div>\n<h2 class=\"uk-h1\"><\/p>\n<p><img decoding=\"async\" loading=\"lazy\" src=\"\/_res\/uploads\/2023\/04\/bio.svg\" width=\"92\" height=\"30\" class=\"bio-text\" \/><strong>BIO-Woch&nbsp;<\/strong><br \/>\nPartner- &#038; Sponsor-Formular\n\t<\/p>\n<\/h2>\n<h3><span>Kontakt\u00adinformationen<\/span><br \/>\n<\/h3>\n<p><label>Numm \/ Nom <span class=\"required\">*<\/span><span class=\"wpcf7-form-control-wrap\" data-name=\"nom\"><input size=\"40\" class=\"wpcf7-form-control wpcf7-text wpcf7-validates-as-required\" autocomplete=\"name\" aria-required=\"true\" aria-invalid=\"false\" value=\"\" type=\"text\" name=\"nom\" \/><\/span><\/label><br \/>\n<label>Virnumm \/ Pr\u00e9nom <span class=\"required\">*<\/span><span class=\"wpcf7-form-control-wrap\" data-name=\"prenom\"><input size=\"40\" class=\"wpcf7-form-control wpcf7-text wpcf7-validates-as-required\" autocomplete=\"given-name\" aria-required=\"true\" aria-invalid=\"false\" value=\"\" type=\"text\" name=\"prenom\" \/><\/span><\/label><br \/>\n<label>E-mail <span class=\"required\">*<\/span><span class=\"wpcf7-form-control-wrap\" data-name=\"email\"><input size=\"40\" class=\"wpcf7-form-control wpcf7-text wpcf7-email wpcf7-validates-as-required wpcf7-validates-as-email\" autocomplete=\"email\" aria-required=\"true\" aria-invalid=\"false\" value=\"\" type=\"email\" name=\"email\" \/><\/span><\/label>\n<\/p>\n<h3><span>Dir sidd interess\u00e9iert un: \/ Vous \u00eates int\u00e9ressez \u00e0 :<\/span><br \/>\n<\/h3>\n<p><span class=\"wpcf7-form-control-wrap\" data-name=\"typ\"><span class=\"wpcf7-form-control wpcf7-radio\"><span class=\"wpcf7-list-item first\"><label><input type=\"radio\" name=\"typ\" value=\"Partnerschaft \/ partenariat\" checked=\"checked\" \/><span class=\"wpcf7-list-item-label\">Partnerschaft \/ partenariat<\/span><\/label><\/span><span class=\"wpcf7-list-item last\"><label><input type=\"radio\" name=\"typ\" value=\"Sponsorship\" \/><span class=\"wpcf7-list-item-label\">Sponsorship<\/span><\/label><\/span><\/span><\/span>\n<\/p>\n<div data-id=\"partner\" data-orig_data_id=\"partner\" data-clear_on_hide data-class=\"wpcf7cf_group\">\n<h3><span>Partner \/ partenaire<\/span><br \/>\n\t<\/h3>\n<p><label>Numm vun der Associatioun \/ nom de l\u2019association <span class=\"required\">*<\/span><span class=\"wpcf7-form-control-wrap\" data-name=\"partner_asso\"><input size=\"40\" class=\"wpcf7-form-control wpcf7-text wpcf7-validates-as-required\" aria-required=\"true\" aria-invalid=\"false\" value=\"\" type=\"text\" name=\"partner_asso\" \/><\/span><\/label><br \/>\n<label>Adress \/ adresse <span class=\"required\">*<\/span><span class=\"wpcf7-form-control-wrap\" data-name=\"partner_adresse\"><textarea cols=\"40\" rows=\"10\" class=\"wpcf7-form-control wpcf7-textarea wpcf7-validates-as-required\" aria-required=\"true\" aria-invalid=\"false\" name=\"partner_adresse\"><\/textarea><\/span><\/label><br \/>\n<label>Tel. \/ t\u00e9l. <span class=\"required\">*<\/span><span class=\"wpcf7-form-control-wrap\" data-name=\"partner_tel\"><input size=\"40\" class=\"wpcf7-form-control wpcf7-text wpcf7-tel wpcf7-validates-as-required wpcf7-validates-as-tel\" aria-required=\"true\" aria-invalid=\"false\" value=\"\" type=\"tel\" name=\"partner_tel\" \/><\/span><\/label>\n\t<\/p>\n<p><label><strong>Kontaktwonsch \/ Souhait de contact<\/strong><\/label><br \/>\n<span class=\"wpcf7-form-control-wrap\" data-name=\"partner_contact\"><span class=\"wpcf7-form-control wpcf7-checkbox wpcf7-validates-as-required\"><span class=\"wpcf7-list-item first\"><label><input type=\"checkbox\" name=\"partner_contact[]\" value=\"K\u00e9int Dir eis w.e.g. per Telefon kontakt\u00e9ieren fir eng eventuell Partnerschaft anzegoen am Kader vum Projet BIO-Woch? \/ Pourriez-vous nous contacter par t\u00e9l\u00e9phone afin de discuter d&#039;un \u00e9ventuel partenariat pour le projet BIO-Woch ?\" \/><span class=\"wpcf7-list-item-label\">K\u00e9int Dir eis w.e.g. per Telefon kontakt\u00e9ieren fir eng eventuell Partnerschaft anzegoen am Kader vum Projet BIO-Woch? \/ Pourriez-vous nous contacter par t\u00e9l\u00e9phone afin de discuter d&#039;un \u00e9ventuel partenariat pour le projet BIO-Woch ?<\/span><\/label><\/span><span class=\"wpcf7-list-item last\"><label><input type=\"checkbox\" name=\"partner_contact[]\" value=\"K\u00e9int Dir eis w.e.g. per E-mail kontakt\u00e9ieren fir eng eventuell Partnerschaft anzegoen am Kader vum Projet BIO-Woch? \/ Pourriez-vous nous contacter par e-mail afin de discuter d&#039;un \u00e9ventuel partenariat pour le projet BIO-Woch ?\" \/><span class=\"wpcf7-list-item-label\">K\u00e9int Dir eis w.e.g. per E-mail kontakt\u00e9ieren fir eng eventuell Partnerschaft anzegoen am Kader vum Projet BIO-Woch? \/ Pourriez-vous nous contacter par e-mail afin de discuter d&#039;un \u00e9ventuel partenariat pour le projet BIO-Woch ?<\/span><\/label><\/span><\/span><\/span>\n\t<\/p>\n<\/div>\n<div data-id=\"sponsor\" data-orig_data_id=\"sponsor\" data-clear_on_hide data-class=\"wpcf7cf_group\">\n<h3><span>Sponsor<\/span><br \/>\n\t<\/h3>\n<p><label>Numm vun der Firma \/ nom de l\u2019entreprise <span class=\"required\">*<\/span><span class=\"wpcf7-form-control-wrap\" data-name=\"sponsor_firma\"><input size=\"40\" class=\"wpcf7-form-control wpcf7-text wpcf7-validates-as-required\" aria-required=\"true\" aria-invalid=\"false\" value=\"\" type=\"text\" name=\"sponsor_firma\" \/><\/span><\/label><br \/>\n<label>Adress \/ adresse <span class=\"required\">*<\/span><span class=\"wpcf7-form-control-wrap\" data-name=\"sponsor_adresse\"><textarea cols=\"40\" rows=\"10\" class=\"wpcf7-form-control wpcf7-textarea wpcf7-validates-as-required\" aria-required=\"true\" aria-invalid=\"false\" name=\"sponsor_adresse\"><\/textarea><\/span><\/label><br \/>\n<label>Tel. \/ t\u00e9l. <span class=\"required\">*<\/span><span class=\"wpcf7-form-control-wrap\" data-name=\"sponsor_tel\"><input size=\"40\" class=\"wpcf7-form-control wpcf7-text wpcf7-tel wpcf7-validates-as-required wpcf7-validates-as-tel\" aria-required=\"true\" aria-invalid=\"false\" value=\"\" type=\"tel\" name=\"sponsor_tel\" \/><\/span><\/label>\n\t<\/p>\n<p><label><strong>Interessi um Sponsors-Package \/ Int\u00e9ress\u00e9 par un package de sponsoring<\/strong><\/label><br \/>\n<span class=\"wpcf7-form-control-wrap\" data-name=\"sponsor_package\"><span class=\"wpcf7-form-control wpcf7-radio\"><span class=\"wpcf7-list-item first\"><label><input type=\"radio\" name=\"sponsor_package\" value=\"Grands M\u00e9c\u00e8nes - 10.000\u20ac\" \/><span class=\"wpcf7-list-item-label\">Grands M\u00e9c\u00e8nes &#8211; 10.000\u20ac<\/span><\/label><\/span><span class=\"wpcf7-list-item\"><label><input type=\"radio\" name=\"sponsor_package\" value=\"M\u00e9c\u00e8nes - 5.000\u20ac\" \/><span class=\"wpcf7-list-item-label\">M\u00e9c\u00e8nes &#8211; 5.000\u20ac<\/span><\/label><\/span><span class=\"wpcf7-list-item\"><label><input type=\"radio\" name=\"sponsor_package\" value=\"Amis - 2.500\u20ac\" \/><span class=\"wpcf7-list-item-label\">Amis &#8211; 2.500\u20ac<\/span><\/label><\/span><span class=\"wpcf7-list-item\"><label><input type=\"radio\" name=\"sponsor_package\" value=\"Supporteurs - 1.000\u20ac\" \/><span class=\"wpcf7-list-item-label\">Supporteurs &#8211; 1.000\u20ac<\/span><\/label><\/span><span class=\"wpcf7-list-item last\"><label><input type=\"radio\" name=\"sponsor_package\" value=\"Donateurs - 500\u20ac\" \/><span class=\"wpcf7-list-item-label\">Donateurs &#8211; 500\u20ac<\/span><\/label><\/span><\/span><\/span>\n\t<\/p>\n<p><label><strong>Kontaktwonsch \/ Souhait de contact<\/strong><\/label><br \/>\n<span class=\"wpcf7-form-control-wrap\" data-name=\"sponsor_contact\"><span class=\"wpcf7-form-control wpcf7-checkbox wpcf7-validates-as-required\"><span class=\"wpcf7-list-item first\"><label><input type=\"checkbox\" name=\"sponsor_contact[]\" value=\"K\u00e9int Dir eis w.e.g. per Telefon kontakt\u00e9ieren fir en eventuelle Sponsoring anzegoen am Kader vun der BIO-Woch 2026? \/ Pourriez-vous nous contacter par t\u00e9l\u00e9phone afin de discuter d&#039;un \u00e9ventuel sponsoring pour la BIO-Woch 2026 ?\" \/><span class=\"wpcf7-list-item-label\">K\u00e9int Dir eis w.e.g. per Telefon kontakt\u00e9ieren fir en eventuelle Sponsoring anzegoen am Kader vun der BIO-Woch 2026? \/ Pourriez-vous nous contacter par t\u00e9l\u00e9phone afin de discuter d&#039;un \u00e9ventuel sponsoring pour la BIO-Woch 2026 ?<\/span><\/label><\/span><span class=\"wpcf7-list-item last\"><label><input type=\"checkbox\" name=\"sponsor_contact[]\" value=\"K\u00e9int Dir eis w.e.g. per E-mail kontakt\u00e9ieren fir en eventuelle Sponsoring anzegoen am Kader vun der BIO-Woch 2026? \/ Pourriez-vous nous contacter par e-mail afin de discuter d&#039;un \u00e9ventuel sponsoring pour la BIO-Woch 2026 ?\" \/><span class=\"wpcf7-list-item-label\">K\u00e9int Dir eis w.e.g. per E-mail kontakt\u00e9ieren fir en eventuelle Sponsoring anzegoen am Kader vun der BIO-Woch 2026? \/ Pourriez-vous nous contacter par e-mail afin de discuter d&#039;un \u00e9ventuel sponsoring pour la BIO-Woch 2026 ?<\/span><\/label><\/span><\/span><\/span>\n\t<\/p>\n<\/div>\n<hr \/>\n<p><label class=\"uk-margin-small-top\"><br \/>\n<span class=\"wpcf7-form-control-wrap\" data-name=\"acceptance-315\"><span class=\"wpcf7-form-control wpcf7-acceptance\"><span class=\"wpcf7-list-item\"><label><input type=\"checkbox\" name=\"acceptance-315\" value=\"1\" aria-invalid=\"false\" \/><span class=\"wpcf7-list-item-label\">Mam Ofsch\u00e9cken vum Kontaktformular st\u00ebmmt Dir zou, datt \u00c4r Donn\u00e9e\u00ebn benotzt ginn, fir \u00c4r Ufro ze veraarbechten.<br \/>\n \/ En soumettant le formulaire de contact, vous acceptez que vos donn\u00e9es soient utilis\u00e9es pour traiter votre demande.<\/span><\/label><\/span><\/span><\/span><br \/>\n<\/label>\n<\/p>\n<p><a target=\"_blank\" href=\"\/notices-legales\/\"><strong>Weitere Informationen finden Sie in der Datenschutzerkl\u00e4rung<\/strong><\/a>\n<\/p>\n<p><input class=\"wpcf7-form-control has-spinner wpcf7-submit uk-button uk-button-primary\" type=\"submit\" value=\"Ofsch\u00e9cken \/ envoyer\" \/>\n<\/p>\n<div class=\"wpcf7-response-output\" aria-hidden=\"true\"><\/div>\n<\/form>\n<\/div>\n<\/div>\n<p><br \/>\n<\/p>\n","protected":false},"excerpt":{"rendered":"<p>BIO-Woch&nbsp; Partner- &#038; Sponsor-Formular Kontakt\u00adinformationen Numm \/ Nom * Virnumm \/ Pr\u00e9nom * E-mail * Dir sidd interess\u00e9iert un: \/ Vous \u00eates int\u00e9ressez \u00e0 : Partnerschaft \/ partenariatSponsorship Partner \/ partenaire Numm vun der Associatioun \/ nom de l\u2019association * Adress \/ adresse * Tel. \/ t\u00e9l. * Kontaktwonsch \/ Souhait de contact K\u00e9int Dir [&hellip;]<\/p>\n","protected":false},"author":1,"featured_media":0,"parent":0,"menu_order":0,"comment_status":"closed","ping_status":"closed","template":"","meta":[],"acf":[],"_links":{"self":[{"href":"https:\/\/biowoch.lu\/en\/wp-json\/wp\/v2\/pages\/1856"}],"collection":[{"href":"https:\/\/biowoch.lu\/en\/wp-json\/wp\/v2\/pages"}],"about":[{"href":"https:\/\/biowoch.lu\/en\/wp-json\/wp\/v2\/types\/page"}],"author":[{"embeddable":true,"href":"https:\/\/biowoch.lu\/en\/wp-json\/wp\/v2\/users\/1"}],"replies":[{"embeddable":true,"href":"https:\/\/biowoch.lu\/en\/wp-json\/wp\/v2\/comments?post=1856"}],"version-history":[{"count":0,"href":"https:\/\/biowoch.lu\/en\/wp-json\/wp\/v2\/pages\/1856\/revisions"}],"wp:attachment":[{"href":"https:\/\/biowoch.lu\/en\/wp-json\/wp\/v2\/media?parent=1856"}],"curies":[{"name":"wp","href":"https:\/\/api.w.org\/{rel}","templated":true}]}}